{"id":200,"date":"2019-02-01T15:19:25","date_gmt":"2019-02-01T14:19:25","guid":{"rendered":"http:\/\/etm-marine.aggelos-web14.fr\/references\/"},"modified":"2019-02-26T15:48:51","modified_gmt":"2019-02-26T14:48:51","slug":"references","status":"publish","type":"page","link":"https:\/\/etm-marine.com\/en\/references","title":{"rendered":"References"},"content":{"rendered":"<p>Pour ajouter ou supprimer une R\u00e9f\u00e9rence, rende-vous dans le menu Options, puis onglet R\u00e9f\u00e9rences<\/p>\n","protected":false},"excerpt":{"rendered":"<p>Pour ajouter ou supprimer une R\u00e9f\u00e9rence, rende-vous dans le menu Options, puis onglet R\u00e9f\u00e9rences<\/p>\n","protected":false},"author":1,"featured_media":0,"parent":0,"menu_order":0,"comment_status":"closed","ping_status":"closed","template":"page-templates\/page-references.php","meta":[],"_links":{"self":[{"href":"https:\/\/etm-marine.com\/en\/wp-json\/wp\/v2\/pages\/200"}],"collection":[{"href":"https:\/\/etm-marine.com\/en\/wp-json\/wp\/v2\/pages"}],"about":[{"href":"https:\/\/etm-marine.com\/en\/wp-json\/wp\/v2\/types\/page"}],"author":[{"embeddable":true,"href":"https:\/\/etm-marine.com\/en\/wp-json\/wp\/v2\/users\/1"}],"replies":[{"embeddable":true,"href":"https:\/\/etm-marine.com\/en\/wp-json\/wp\/v2\/comments?post=200"}],"version-history":[{"count":2,"href":"https:\/\/etm-marine.com\/en\/wp-json\/wp\/v2\/pages\/200\/revisions"}],"predecessor-version":[{"id":625,"href":"https:\/\/etm-marine.com\/en\/wp-json\/wp\/v2\/pages\/200\/revisions\/625"}],"wp:attachment":[{"href":"https:\/\/etm-marine.com\/en\/wp-json\/wp\/v2\/media?parent=200"}],"curies":[{"name":"wp","href":"https:\/\/api.w.org\/{rel}","templated":true}]}}